{"id":2,"date":"2019-05-29T17:30:07","date_gmt":"2019-05-29T15:30:07","guid":{"rendered":"http:\/\/www.gmtramas.com\/es\/?page_id=2"},"modified":"2023-06-29T01:07:59","modified_gmt":"2023-06-28T23:07:59","slug":"nosotros","status":"publish","type":"page","link":"https:\/\/www.gmtramas.com\/es\/nosotros\/","title":{"rendered":"NOSOTROS"},"content":{"rendered":"<p>[et_pb_section fb_built=\u00bb1&#8243; fullwidth=\u00bbon\u00bb _builder_version=\u00bb4.6.6&#8243; background_color=\u00bb#FFFFFF\u00bb hover_enabled=\u00bb0&#8243; min_height=\u00bb329px\u00bb sticky_enabled=\u00bb0&#8243;][et_pb_fullwidth_image src=\u00bbhttps:\/\/www.gmtramas.com\/es\/wp-content\/uploads\/2019\/06\/BLANCO.jpg\u00bb _builder_version=\u00bb3.23.3&#8243; min_height=\u00bb259px\u00bb custom_margin=\u00bb-184px|-112px||-99px||\u00bb][\/et_pb_fullwidth_image][\/et_pb_section][et_pb_section fb_built=\u00bb1&#8243; _builder_version=\u00bb3.23.3&#8243; background_color=\u00bb#FFFFFF\u00bb custom_margin=\u00bb-228px|||||\u00bb custom_margin_tablet=\u00bb-130px|||\u00bb custom_margin_phone=\u00bb-187px||\u00bb custom_margin_last_edited=\u00bbon|phone\u00bb custom_padding=\u00bb0px|||||\u00bb][et_pb_row _builder_version=\u00bb3.25&#8243; custom_margin=\u00bb-1px|auto|-16px|auto||\u00bb custom_margin_tablet=\u00bb\u00bb custom_margin_phone=\u00bb-26px||-19px|\u00bb custom_margin_last_edited=\u00bbon|phone\u00bb custom_padding=\u00bb0px||15px|||\u00bb][et_pb_column type=\u00bb4_4&#8243; _builder_version=\u00bb3.25&#8243; custom_padding=\u00bb|||\u00bb custom_padding__hover=\u00bb|||\u00bb][et_pb_text _builder_version=\u00bb3.27.4&#8243; header_font=\u00bb||||||||\u00bb header_2_font=\u00bbOpen Sans|800||on|||||\u00bb header_2_text_align=\u00bbcenter\u00bb header_2_text_color=\u00bb#6d423b\u00bb header_2_letter_spacing=\u00bb3px\u00bb header_2_font_tablet=\u00bb\u00bb header_2_font_phone=\u00bb\u00bb header_2_font_last_edited=\u00bbon|desktop\u00bb header_2_font_size_tablet=\u00bb\u00bb header_2_font_size_phone=\u00bb24px\u00bb header_2_font_size_last_edited=\u00bbon|desktop\u00bb header_2_letter_spacing_tablet=\u00bb\u00bb header_2_letter_spacing_phone=\u00bb2px\u00bb header_2_letter_spacing_last_edited=\u00bbon|phone\u00bb header_2_line_height__hover_enabled=\u00bbon\u00bb]<\/p>\n<h2>A\u00d1OS DE TRAYECTORIA<\/h2>\n<p>[\/et_pb_text][et_pb_text _builder_version=\u00bb3.27.4&#8243; text_font=\u00bb||||||||\u00bb header_font=\u00bb||||||||\u00bb text_orientation=\u00bbcenter\u00bb width=\u00bb55%\u00bb width_tablet=\u00bb\u00bb width_phone=\u00bb87%\u00bb width_last_edited=\u00bbon|phone\u00bb module_alignment=\u00bbcenter\u00bb text_text_align=\u00bbcenter\u00bb]<\/p>\n<p>Desde 1999 hemos tejido puntada a puntada nuestra historia, manteniendo como base la calidad y dedicaci\u00f3n con la que confeccionamos cada una de nuestras prendas.<\/p>\n<p>En la actualidad abrimos nuevos horizontes para brindarles a nuestros clientes las m\u00e1s delicadas confecciones con eficiencia e innovaci\u00f3n junto a un personal especializado en desarrollo, maquinaria y acabados de primera.<\/p>\n<p>[\/et_pb_text][\/et_pb_column][\/et_pb_row][\/et_pb_section][et_pb_section fb_built=\u00bb1&#8243; _builder_version=\u00bb3.23.3&#8243; background_color=\u00bbrgba(109,66,59,0.81)\u00bb background_image=\u00bbhttps:\/\/www.gmtramas.com\/es\/wp-content\/uploads\/2019\/06\/Monta\u00f1a-Arco-Iris-1.jpg\u00bb background_blend=\u00bbmultiply\u00bb custom_margin=\u00bb|-280px|-60px|-268px||\u00bb custom_padding=\u00bb0px||0px|||\u00bb][et_pb_row column_structure=\u00bb1_3,1_3,1_3&#8243; custom_padding_last_edited=\u00bbon|phone\u00bb _builder_version=\u00bb3.25&#8243; custom_padding=\u00bb0px||0px|||\u00bb custom_padding_tablet=\u00bb\u00bb custom_padding_phone=\u00bb\u00bb][et_pb_column type=\u00bb1_3&#8243; _builder_version=\u00bb3.25&#8243; custom_padding=\u00bb11px|||\u00bb custom_padding_tablet=\u00bb\u00bb custom_padding_phone=\u00bb14px|||\u00bb custom_padding_last_edited=\u00bbon|phone\u00bb custom_padding__hover=\u00bb|||\u00bb][et_pb_image src=\u00bbhttps:\/\/www.gmtramas.com\/es\/wp-content\/uploads\/2019\/05\/IVO.png\u00bb align=\u00bbcenter\u00bb _builder_version=\u00bb3.23.3&#8243;][\/et_pb_image][et_pb_text _builder_version=\u00bb3.27.4&#8243; text_font=\u00bb||||||||\u00bb ul_font=\u00bb||||||||\u00bb header_font=\u00bb||||||||\u00bb header_2_font=\u00bbOpen Sans|700|||||||\u00bb header_2_text_align=\u00bbcenter\u00bb header_2_text_color=\u00bb#FFFFFF\u00bb header_6_font=\u00bbOpen Sans||||||||\u00bb header_6_text_align=\u00bbcenter\u00bb header_6_text_color=\u00bb#FFFFFF\u00bb header_6_font_size=\u00bb13px\u00bb header_6_line_height=\u00bb1.2em\u00bb width=\u00bb63%\u00bb width_tablet=\u00bb\u00bb width_phone=\u00bb41%\u00bb width_last_edited=\u00bbon|tablet\u00bb module_alignment=\u00bbcenter\u00bb custom_padding=\u00bb||0px|||\u00bb header_2_font_tablet=\u00bb\u00bb header_2_font_phone=\u00bb\u00bb header_2_font_last_edited=\u00bbon|desktop\u00bb header_2_line_height_tablet=\u00bb\u00bb header_2_line_height_phone=\u00bb\u00bb header_2_line_height_last_edited=\u00bbon|desktop\u00bb header_6_font_tablet=\u00bb\u00bb header_6_font_phone=\u00bb\u00bb header_6_font_last_edited=\u00bbon|desktop\u00bb header_6_font_size_tablet=\u00bb\u00bb header_6_font_size_phone=\u00bb12px\u00bb header_6_font_size_last_edited=\u00bbon|desktop\u00bb header_6_letter_spacing_tablet=\u00bb\u00bb header_6_letter_spacing_phone=\u00bb\u00bb header_6_letter_spacing_last_edited=\u00bbon|desktop\u00bb header_6_line_height_tablet=\u00bb\u00bb header_6_line_height_phone=\u00bb\u00bb header_6_line_height_last_edited=\u00bbon|phone\u00bb]<\/p>\n<h2>MISI\u00d3N<\/h2>\n<h4 style=\"text-align: center;\"><span color=\"#ffffff\" size=\"2\" style=\"color: #ffffff; font-size: small;\">\u00a0GM TRAMAS ofrece prendas tejidas de punto para\u00a0exportaci\u00f3n y empresas B2B,, elaboradas con hilados\u00a0naturales como la alpaca, para nuestros clientes en el Peru y en el exterior con la m\u00e1s alta calidad y en los tiempos requeridos. Asimismo, brindamos un servicio orientado a la excelencia de calidad, eficiencia, innovaci\u00f3n y atenci\u00f3n al cliente; asociando \u00a0esfuerzos en materia de dise\u00f1o y confecci\u00f3n de las prendas, adem\u00e1s de estar comprometidos con la igualdad entre todos los colaboradores y el desarrollo de la comunidad local.<\/span><\/h4>\n<p>[\/et_pb_text][\/et_pb_column][et_pb_column type=\u00bb1_3&#8243; _builder_version=\u00bb3.25&#8243; background_color=\u00bbrgba(84,26,2,0.77)\u00bb custom_padding=\u00bb11px||20px|\u00bb custom_padding_tablet=\u00bb\u00bb custom_padding_phone=\u00bb\u00bb custom_padding_last_edited=\u00bbon|desktop\u00bb custom_padding__hover=\u00bb|||\u00bb][et_pb_image src=\u00bbhttps:\/\/www.gmtramas.com\/es\/wp-content\/uploads\/2019\/05\/IVO.png\u00bb align=\u00bbcenter\u00bb _builder_version=\u00bb3.23.3&#8243;][\/et_pb_image][et_pb_text _builder_version=\u00bb3.27.4&#8243; text_font=\u00bb||||||||\u00bb ul_font=\u00bb||||||||\u00bb header_font=\u00bb||||||||\u00bb header_2_font=\u00bbOpen Sans|700|||||||\u00bb header_2_text_align=\u00bbcenter\u00bb header_2_text_color=\u00bb#FFFFFF\u00bb header_6_font=\u00bbOpen Sans||||||||\u00bb header_6_text_align=\u00bbcenter\u00bb header_6_text_color=\u00bb#FFFFFF\u00bb header_6_font_size=\u00bb13px\u00bb header_6_line_height=\u00bb1.1em\u00bb width=\u00bb63%\u00bb width_tablet=\u00bb\u00bb width_phone=\u00bb41%\u00bb width_last_edited=\u00bbon|tablet\u00bb module_alignment=\u00bbcenter\u00bb min_height=\u00bb196px\u00bb custom_margin=\u00bb||12px|||\u00bb custom_padding=\u00bb||8px|||\u00bb header_2_font_tablet=\u00bb\u00bb header_2_font_phone=\u00bb\u00bb header_2_font_last_edited=\u00bbon|phone\u00bb header_2_line_height_tablet=\u00bb\u00bb header_2_line_height_phone=\u00bb\u00bb header_2_line_height_last_edited=\u00bbon|desktop\u00bb header_6_font_tablet=\u00bb\u00bb header_6_font_phone=\u00bb\u00bb header_6_font_last_edited=\u00bbon|desktop\u00bb header_6_font_size_tablet=\u00bb\u00bb header_6_font_size_phone=\u00bb\u00bb header_6_font_size_last_edited=\u00bbon|desktop\u00bb header_6_letter_spacing_tablet=\u00bb\u00bb header_6_letter_spacing_phone=\u00bb\u00bb header_6_letter_spacing_last_edited=\u00bbon|desktop\u00bb header_6_line_height_tablet=\u00bb\u00bb header_6_line_height_phone=\u00bb\u00bb header_6_line_height_last_edited=\u00bbon|desktop\u00bb]<\/p>\n<h2><span style=\"color: #ffffff;\">VISI\u00d3N<\/span><\/h2>\n<h4 style=\"text-align: center;\"><span style=\"font-size: small; color: #ffffff;\">Llegar a ser la empresa n\u00famero uno en la industria de tejido de punto en el Per\u00fa y posicionarnos como uno de los mejores exportadores en Sudam\u00e9rica.<\/span><\/h4>\n<h4 style=\"text-align: center;\"><span style=\"font-size: small; color: #ffffff;\">Adem\u00e1s, ser reconocidos por la belleza y calidad de nuestras prendas.<\/span><\/h4>\n<p>[\/et_pb_text][\/et_pb_column][et_pb_column type=\u00bb1_3&#8243; _builder_version=\u00bb3.25&#8243; custom_padding=\u00bb11px||0px|\u00bb custom_padding_tablet=\u00bb\u00bb custom_padding_phone=\u00bb||12px\u00bb custom_padding_last_edited=\u00bbon|desktop\u00bb custom_padding__hover=\u00bb|||\u00bb][et_pb_image src=\u00bbhttps:\/\/www.gmtramas.com\/es\/wp-content\/uploads\/2019\/05\/IVO.png\u00bb align=\u00bbcenter\u00bb _builder_version=\u00bb3.23.3&#8243;][\/et_pb_image][et_pb_text _builder_version=\u00bb3.27.4&#8243; text_font=\u00bb||||||||\u00bb ul_font=\u00bb||||||||\u00bb header_font=\u00bb||||||||\u00bb header_2_font=\u00bbOpen Sans|700|||||||\u00bb header_2_text_align=\u00bbcenter\u00bb header_2_text_color=\u00bb#FFFFFF\u00bb header_6_font=\u00bbOpen Sans||||||||\u00bb header_6_text_align=\u00bbcenter\u00bb header_6_text_color=\u00bb#FFFFFF\u00bb header_6_font_size=\u00bb13px\u00bb header_6_line_height=\u00bb1.1em\u00bb width=\u00bb63%\u00bb width_tablet=\u00bb\u00bb width_phone=\u00bb41%\u00bb width_last_edited=\u00bbon|tablet\u00bb module_alignment=\u00bbcenter\u00bb min_height=\u00bb166px\u00bb custom_padding=\u00bb||0px|||\u00bb header_2_font_tablet=\u00bb\u00bb header_2_font_phone=\u00bb\u00bb header_2_font_last_edited=\u00bbon|desktop\u00bb header_2_line_height_tablet=\u00bb\u00bb header_2_line_height_phone=\u00bb\u00bb header_2_line_height_last_edited=\u00bbon|desktop\u00bb header_6_font_tablet=\u00bb\u00bb header_6_font_phone=\u00bb\u00bb header_6_font_last_edited=\u00bbon|desktop\u00bb header_6_font_size_tablet=\u00bb\u00bb header_6_font_size_phone=\u00bb\u00bb header_6_font_size_last_edited=\u00bbon|desktop\u00bb header_6_line_height_tablet=\u00bb\u00bb header_6_line_height_phone=\u00bb\u00bb header_6_line_height_last_edited=\u00bbon|desktop\u00bb]<\/p>\n<h2>VALORES<\/h2>\n<h6 style=\"text-align: center;\">Compromiso con los trabajadores y la comunidad local por un desarrollo sostenible<\/h6>\n<h4 style=\"text-align: center;\"><span style=\"font-size: small; color: #ffffff;\">Somos responsables con el uso de \u00a0recursos utilizados en nuestras prendas, adem\u00e1s de contribuir con el crecimiento\u00a0<\/span><span color=\"#ffffff\" size=\"2\" style=\"color: #ffffff; font-size: small;\"><span style=\"caret-color: #ffffff;\">econ\u00f3mico y social de nuestros colaboradores<\/span><\/span><\/h4>\n<h4 style=\"text-align: center;\"><span color=\"#ffffff\" size=\"2\" style=\"color: #ffffff; font-size: small;\">Buscamos la\u00a0<span style=\"caret-color: #ffffff;\">innovaci\u00f3n<\/span>\u00a0a\u00a0trav\u00e9s de la mejora constante en nuestros procesos de dise\u00f10 y\u00a0fabricaci\u00f3n de prendas de tejido de punto.<\/span><\/h4>\n<h4 style=\"text-align: center;\"><span color=\"#ffffff\" size=\"2\" style=\"color: #ffffff; font-size: small;\">Incentivamos la\u00a0<span style=\"caret-color: #ffffff;\">pasi\u00f3n<\/span>\u00a0y\u00a0motivaci\u00f3n de nuestros\u00a0colaboradores con el fin de mejorar el clima laboral y productividad.<\/span><\/h4>\n<p>[\/et_pb_text][\/et_pb_column][\/et_pb_row][\/et_pb_section]<\/p>\n","protected":false},"excerpt":{"rendered":"<p>[et_pb_section fb_built=\u00bb1&#8243; fullwidth=\u00bbon\u00bb _builder_version=\u00bb4.6.6&#8243; background_color=\u00bb#FFFFFF\u00bb hover_enabled=\u00bb0&#8243; min_height=\u00bb329px\u00bb sticky_enabled=\u00bb0&#8243;][et_pb_fullwidth_image src=\u00bbhttps:\/\/www.gmtramas.com\/es\/wp-content\/uploads\/2019\/06\/BLANCO.jpg\u00bb _builder_version=\u00bb3.23.3&#8243; min_height=\u00bb259px\u00bb custom_margin=\u00bb-184px|-112px||-99px||\u00bb][\/et_pb_fullwidth_image][\/et_pb_section][et_pb_section fb_built=\u00bb1&#8243; _builder_version=\u00bb3.23.3&#8243; background_color=\u00bb#FFFFFF\u00bb custom_margin=\u00bb-228px|||||\u00bb custom_margin_tablet=\u00bb-130px|||\u00bb custom_margin_phone=\u00bb-187px||\u00bb custom_margin_last_edited=\u00bbon|phone\u00bb custom_padding=\u00bb0px|||||\u00bb][et_pb_row _builder_version=\u00bb3.25&#8243; custom_margin=\u00bb-1px|auto|-16px|auto||\u00bb custom_margin_tablet=\u00bb\u00bb custom_margin_phone=\u00bb-26px||-19px|\u00bb custom_margin_last_edited=\u00bbon|phone\u00bb custom_padding=\u00bb0px||15px|||\u00bb][et_pb_column type=\u00bb4_4&#8243; _builder_version=\u00bb3.25&#8243; custom_padding=\u00bb|||\u00bb custom_padding__hover=\u00bb|||\u00bb][et_pb_text _builder_version=\u00bb3.27.4&#8243; header_font=\u00bb||||||||\u00bb header_2_font=\u00bbOpen Sans|800||on|||||\u00bb header_2_text_align=\u00bbcenter\u00bb header_2_text_color=\u00bb#6d423b\u00bb header_2_letter_spacing=\u00bb3px\u00bb header_2_font_tablet=\u00bb\u00bb header_2_font_phone=\u00bb\u00bb header_2_font_last_edited=\u00bbon|desktop\u00bb header_2_font_size_tablet=\u00bb\u00bb header_2_font_size_phone=\u00bb24px\u00bb header_2_font_size_last_edited=\u00bbon|desktop\u00bb header_2_letter_spacing_tablet=\u00bb\u00bb header_2_letter_spacing_phone=\u00bb2px\u00bb header_2_letter_spacing_last_edited=\u00bbon|phone\u00bb header_2_line_height__hover_enabled=\u00bbon\u00bb] A\u00d1OS DE TRAYECTORIA [\/et_pb_text][et_pb_text _builder_version=\u00bb3.27.4&#8243; text_font=\u00bb||||||||\u00bb header_font=\u00bb||||||||\u00bb text_orientation=\u00bbcenter\u00bb [&hellip;]<\/p>\n","protected":false},"author":1,"featured_media":0,"parent":0,"menu_order":0,"comment_status":"closed","ping_status":"open","template":"","meta":{"_et_pb_use_builder":"on","_et_pb_old_content":"","_et_gb_content_width":"","footnotes":""},"class_list":["post-2","page","type-page","status-publish","hentry"],"_links":{"self":[{"href":"https:\/\/www.gmtramas.com\/es\/wp-json\/wp\/v2\/pages\/2","targetHints":{"allow":["GET"]}}],"collection":[{"href":"https:\/\/www.gmtramas.com\/es\/wp-json\/wp\/v2\/pages"}],"about":[{"href":"https:\/\/www.gmtramas.com\/es\/wp-json\/wp\/v2\/types\/page"}],"author":[{"embeddable":true,"href":"https:\/\/www.gmtramas.com\/es\/wp-json\/wp\/v2\/users\/1"}],"replies":[{"embeddable":true,"href":"https:\/\/www.gmtramas.com\/es\/wp-json\/wp\/v2\/comments?post=2"}],"version-history":[{"count":47,"href":"https:\/\/www.gmtramas.com\/es\/wp-json\/wp\/v2\/pages\/2\/revisions"}],"predecessor-version":[{"id":808,"href":"https:\/\/www.gmtramas.com\/es\/wp-json\/wp\/v2\/pages\/2\/revisions\/808"}],"wp:attachment":[{"href":"https:\/\/www.gmtramas.com\/es\/wp-json\/wp\/v2\/media?parent=2"}],"curies":[{"name":"wp","href":"https:\/\/api.w.org\/{rel}","templated":true}]}}