{"id":7,"date":"2019-05-29T19:07:37","date_gmt":"2019-05-29T17:07:37","guid":{"rendered":"http:\/\/www.gmtramas.com\/es\/?page_id=7"},"modified":"2026-01-19T17:53:05","modified_gmt":"2026-01-19T16:53:05","slug":"inicio","status":"publish","type":"page","link":"https:\/\/www.gmtramas.com\/es\/","title":{"rendered":"INICIO"},"content":{"rendered":"<p>[et_pb_section fb_built=\u00bb1&#8243; fullwidth=\u00bbon\u00bb _builder_version=\u00bb3.23.3&#8243; background_color=\u00bb#ffffff\u00bb custom_margin=\u00bb-189px|||||\u00bb][et_pb_fullwidth_code admin_label=\u00bbC\u00f3digo de anchura completa\u00bb _builder_version=\u00bb3.23.3&#8243; background_color=\u00bb#FFFFFF\u00bb width_tablet=\u00bb\u00bb width_phone=\u00bb\u00bb width_last_edited=\u00bbon|phone\u00bb custom_margin=\u00bb1px||30px|||\u00bb custom_margin_tablet=\u00bb\u00bb custom_margin_phone=\u00bb||76px\u00bb custom_margin_last_edited=\u00bbon|phone\u00bb custom_padding=\u00bb0px||\u00bb]\n\t\t<!-- MasterSlider -->\n\t\t<div id=\"P_MS69ff2a4a3eed1\" class=\"master-slider-parent ms-parent-id-8\"  >\n\n\t\t\t\n\t\t\t<!-- MasterSlider Main -->\n\t\t\t<div id=\"MS69ff2a4a3eed1\" class=\"master-slider ms-skin-light-6\" >\n\t\t\t\t \t\t\t\t \n\n\t\t\t<div  class=\"ms-slide\" data-delay=\"1\" data-fill-mode=\"fill\"   >\n\t\t\t\t\t<img decoding=\"async\" src=\"https:\/\/www.gmtramas.com\/es\/wp-content\/plugins\/masterslider\/public\/assets\/css\/blank.gif\" alt=\"\" title=\"\" data-src=\"https:\/\/www.gmtramas.com\/es\/wp-content\/uploads\/2019\/06\/1-1.jpg\" \/>\n\n\n\t\t\t\t<\/div>\n\t\t\t<div  class=\"ms-slide\" data-delay=\"3\" data-fill-mode=\"fill\"   >\n\t\t\t\t\t<img decoding=\"async\" src=\"https:\/\/www.gmtramas.com\/es\/wp-content\/plugins\/masterslider\/public\/assets\/css\/blank.gif\" alt=\"\" title=\"1-(7)\" data-src=\"https:\/\/www.gmtramas.com\/es\/wp-content\/uploads\/2020\/10\/1-7-1.jpg\" \/>\n\n\n\t\t\t\t<\/div>\n\t\t\t<div  class=\"ms-slide\" data-delay=\"1\" data-fill-mode=\"fill\"   >\n\t\t\t\t\t<img decoding=\"async\" src=\"https:\/\/www.gmtramas.com\/es\/wp-content\/plugins\/masterslider\/public\/assets\/css\/blank.gif\" alt=\"\" title=\"\" data-src=\"https:\/\/www.gmtramas.com\/es\/wp-content\/uploads\/2019\/06\/baner-12.jpg\" \/>\n\n\n\t\t\t\t<\/div>\n\n\t\t\t<\/div>\n\t\t\t<!-- END MasterSlider Main -->\n\n\t\t\t \n\t\t<\/div>\n\t\t<!-- END MasterSlider -->\n\n\t\t<script>\n\t\t( window.MSReady = window.MSReady || [] ).push( function( $ ) {\n\n\t\t\t\"use strict\";\n\t\t\tvar masterslider_eed1 = new MasterSlider();\n\n\t\t\t\/\/ slider controls\n\t\t\t\/\/ slider setup\n\t\t\tmasterslider_eed1.setup(\"MS69ff2a4a3eed1\", {\n\t\t\t\twidth           : 1600,\n\t\t\t\theight          : 700,\n\t\t\t\tminHeight       : 0,\n\t\t\t\tspace           : 0,\n\t\t\t\tstart           : 1,\n\t\t\t\tgrabCursor      : false,\n\t\t\t\tswipe           : true,\n\t\t\t\tmouse           : true,\n\t\t\t\tkeyboard        : false,\n\t\t\t\tlayout          : \"fullwidth\",\n\t\t\t\twheel           : false,\n\t\t\t\tautoplay        : true,\n                instantStartLayers:false,\n\t\t\t\tmobileBGVideo:false,\n\t\t\t\tloop            : false,\n\t\t\t\tshuffle         : false,\n\t\t\t\tpreload         : 0,\n\t\t\t\theightLimit     : true,\n\t\t\t\tautoHeight      : false,\n\t\t\t\tsmoothHeight    : true,\n\t\t\t\tendPause        : false,\n\t\t\t\toverPause       : true,\n\t\t\t\tfillMode        : \"fill\",\n\t\t\t\tcenterControls  : true,\n\t\t\t\tstartOnAppear   : false,\n\t\t\t\tlayersMode      : \"center\",\n\t\t\t\tautofillTarget  : \"\",\n\t\t\t\thideLayers      : false,\n\t\t\t\tfullscreenMargin: 0,\n\t\t\t\tspeed           : 1,\n\t\t\t\tdir             : \"h\",\n\t\t\t\tparallaxMode    : 'swipe',\n\t\t\t\tview            : \"fade\"\n\t\t\t});\n\n\t\t\t\t\t\tMSScrollParallax.setup( masterslider_eed1, 70, 40, true );\n\t\t\twindow.masterslider_instances = window.masterslider_instances || [];\n\t\t\twindow.masterslider_instances.push( masterslider_eed1 );\n\t\t});\n\t\t<\/script>\n\n[\/et_pb_fullwidth_code][\/et_pb_section][et_pb_section fb_built=\u00bb1&#8243; admin_label=\u00bbRelated Services\u00bb _builder_version=\u00bb3.23.3&#8243; min_height=\u00bb1451px\u00bb custom_margin=\u00bb||-53px|||\u00bb custom_padding=\u00bb33px||14px|||\u00bb][et_pb_row _builder_version=\u00bb3.25&#8243;][et_pb_column type=\u00bb4_4&#8243; _builder_version=\u00bb3.25&#8243; custom_padding=\u00bb|||\u00bb custom_padding__hover=\u00bb|||\u00bb][et_pb_text _builder_version=\u00bb3.27.4&#8243; header_font=\u00bb||||||||\u00bb header_2_font=\u00bbOpen Sans|800||on|||||\u00bb header_2_text_align=\u00bbcenter\u00bb header_2_text_color=\u00bb#6D423B\u00bb header_2_letter_spacing=\u00bb5px\u00bb header_3_font=\u00bbOpen Sans|600||on|||||\u00bb header_3_text_align=\u00bbcenter\u00bb header_3_text_color=\u00bb#6D423B\u00bb header_3_letter_spacing=\u00bb5px\u00bb header_4_font=\u00bb||||||||\u00bb header_5_font=\u00bb||||||||\u00bb width_tablet=\u00bb\u00bb width_phone=\u00bb\u00bb width_last_edited=\u00bbon|phone\u00bb custom_margin_tablet=\u00bb-53px||\u00bb custom_margin_phone=\u00bb-93px||\u00bb custom_margin_last_edited=\u00bbon|desktop\u00bb custom_padding=\u00bb0px|||||\u00bb]<\/p>\n<h2>El Verdadero oro<\/h2>\n<h3>de los incas<\/h3>\n<p>[\/et_pb_text][et_pb_text _builder_version=\u00bb3.27.4&#8243; text_font=\u00bbOpen Sans||||||||\u00bb text_text_color=\u00bb#737177&#8243; text_font_size=\u00bb10px\u00bb text_line_height=\u00bb1.8em\u00bb ul_font=\u00bb||||||||\u00bb ul_text_align=\u00bbcenter\u00bb header_font=\u00bb||||||||\u00bb text_orientation=\u00bbcenter\u00bb width=\u00bb59%\u00bb width_tablet=\u00bb93%\u00bb width_phone=\u00bb90%\u00bb width_last_edited=\u00bbon|tablet\u00bb module_alignment=\u00bbcenter\u00bb custom_margin=\u00bb|0px|0px|0px||\u00bb custom_margin_tablet=\u00bb\u00bb custom_margin_phone=\u00bb\u00bb custom_margin_last_edited=\u00bbon|desktop\u00bb custom_padding=\u00bb0px|0px|0px|0px||\u00bb text_text_align=\u00bbcenter\u00bb]<\/p>\n<p>Desde hace millones de a\u00f1os habitan en las monta\u00f1as, sabanas y pastizales del Altiplano Andino las m\u00e1s finas y nobles criaturas que los antiguos habitantes andinos nos pueden haber legado.<\/p>\n<p>Los cam\u00e9lidos andinos, el Verdadero Oro de los Incas, alpacas, llamas, guanacos y vicu\u00f1as son parte viva de nuestra historia, nos han dejado innumerables muestras de lo valioso que fueron para la realeza Inca, c\u00f3mo alimento y materia prima, haciendo uso de la fibra m\u00e1s fina del mundo creando las m\u00e1s delicadas y c\u00e1lidas prendas textiles.<\/p>\n<p>[\/et_pb_text][\/et_pb_column][\/et_pb_row][et_pb_row _builder_version=\u00bb3.25&#8243;][et_pb_column type=\u00bb4_4&#8243; _builder_version=\u00bb3.25&#8243; custom_padding=\u00bb|||\u00bb custom_padding__hover=\u00bb|||\u00bb][et_pb_gallery gallery_ids=\u00bb721,722,723,509&#8243; fullwidth=\u00bbon\u00bb _builder_version=\u00bb4.6.3&#8243;][\/et_pb_gallery][et_pb_text _builder_version=\u00bb3.27.4&#8243; header_font=\u00bb||||||||\u00bb header_2_font=\u00bbOpen Sans|800||on|||||\u00bb header_2_text_align=\u00bbcenter\u00bb header_2_text_color=\u00bb#6D423B\u00bb header_2_letter_spacing=\u00bb5px\u00bb header_3_font=\u00bbOpen Sans|600||on|||||\u00bb header_3_text_align=\u00bbcenter\u00bb header_3_text_color=\u00bb#644239&#8243; header_3_letter_spacing=\u00bb5px\u00bb header_4_font=\u00bb||||||||\u00bb header_5_font=\u00bb||||||||\u00bb width_tablet=\u00bb\u00bb width_phone=\u00bb\u00bb width_last_edited=\u00bbon|desktop\u00bb custom_margin=\u00bb12px|||||\u00bb custom_padding=\u00bb39px|||||\u00bb]<\/p>\n<h2>El micronaje de la fibra de alpaca<\/h2>\n<p>[\/et_pb_text][et_pb_text _builder_version=\u00bb3.27.4&#8243; text_font=\u00bbOpen Sans||||||||\u00bb text_text_color=\u00bb#737177&#8243; text_font_size=\u00bb10px\u00bb text_line_height=\u00bb1.8em\u00bb ul_font=\u00bb||||||||\u00bb ul_text_align=\u00bbcenter\u00bb header_font=\u00bb||||||||\u00bb text_orientation=\u00bbcenter\u00bb width=\u00bb95%\u00bb width_tablet=\u00bb93%\u00bb width_phone=\u00bb90%\u00bb width_last_edited=\u00bbon|phone\u00bb module_alignment=\u00bbcenter\u00bb custom_margin=\u00bb|0px|0px|0px||\u00bb custom_margin_tablet=\u00bb\u00bb custom_margin_phone=\u00bb\u00bb custom_margin_last_edited=\u00bbon|desktop\u00bb custom_padding=\u00bb0px|0px|0px|0px||\u00bb text_text_align=\u00bbcenter\u00bb]<\/p>\n<p>Las fibras de alpaca tienen una amplia gama de 22 tonos, desde e l color negro, pasando por los marrones, grises, blancos e incluso granate conforman los colores naturales de esta fibra maravillosa.<br \/> No contiene lanolina (el aceite que se encuentra en la lana de oveja), por lo que retiene menos polvo, al\u00e9rgenos y bacterias. Es resistente al olor, manchas, fuego y a las arrugas. Adem\u00e1s, toma y retiene los tintes sin perder su brillo. Es m\u00e1s ligera, c\u00e1lida y fuerte que la lana de oveja. Las fibras de la m\u00e1s alta calidad se sienten m\u00e1s suaves y lisas que la de achemira. Los productos hechos en alpaca son inusualmente f\u00e1ciles de cuidar y duraderos.<\/p>\n<p>[\/et_pb_text][\/et_pb_column][\/et_pb_row][et_pb_row _builder_version=\u00bb3.25&#8243; custom_padding=\u00bb||40px|||\u00bb][et_pb_column type=\u00bb4_4&#8243; _builder_version=\u00bb3.25&#8243; custom_padding=\u00bb|||\u00bb custom_padding__hover=\u00bb|||\u00bb][et_pb_text _builder_version=\u00bb3.27.4&#8243; text_font=\u00bb||||||||\u00bb header_font=\u00bb||||||||\u00bb header_3_font=\u00bbOpen Sans|||on|||||\u00bb header_3_text_align=\u00bbcenter\u00bb header_3_text_color=\u00bb#6D423B\u00bb]<\/p>\n<h3>Principales Calidades<\/h3>\n<p>[\/et_pb_text][\/et_pb_column][\/et_pb_row][et_pb_row column_structure=\u00bb1_4,1_4,1_4,1_4&#8243; _builder_version=\u00bb3.25&#8243; custom_padding=\u00bb||51px|||\u00bb][et_pb_column type=\u00bb1_4&#8243; _builder_version=\u00bb3.25&#8243; custom_padding=\u00bb|||\u00bb custom_padding__hover=\u00bb|||\u00bb][et_pb_text _builder_version=\u00bb3.27.4&#8243; text_font=\u00bbOpen Sans||||||||\u00bb header_font=\u00bb||||||||\u00bb header_3_font=\u00bbOpen Sans|700|||||||\u00bb header_3_text_align=\u00bbcenter\u00bb header_3_text_color=\u00bb#6D423B\u00bb header_3_font_size=\u00bb20px\u00bb header_5_font=\u00bb||||||||\u00bb header_6_font=\u00bbOpen Sans||||||||\u00bb header_6_text_align=\u00bbcenter\u00bb header_6_text_color=\u00bb#6D423B\u00bb border_width_right=\u00bb2px\u00bb border_color_right=\u00bb#C2C3CA\u00bb border_radii_tablet=\u00bb\u00bb border_radii_phone=\u00bb\u00bb border_radii_last_edited=\u00bbon|desktop\u00bb border_color_all_tablet=\u00bb\u00bb border_color_all_phone=\u00bb#FFFFFF\u00bb border_color_all_last_edited=\u00bbon|desktop\u00bb]<\/p>\n<h3>ROYAL<\/h3>\n<h3>ALPACA<\/h3>\n<h6>19 &#8211; 20 mic<\/h6>\n<p>[\/et_pb_text][\/et_pb_column][et_pb_column type=\u00bb1_4&#8243; _builder_version=\u00bb3.25&#8243; custom_padding=\u00bb|||\u00bb custom_padding__hover=\u00bb|||\u00bb][et_pb_text _builder_version=\u00bb3.27.4&#8243; text_font=\u00bbOpen Sans||||||||\u00bb header_font=\u00bb||||||||\u00bb header_3_font=\u00bbOpen Sans|700|||||||\u00bb header_3_text_align=\u00bbcenter\u00bb header_3_text_color=\u00bb#6D423B\u00bb header_3_font_size=\u00bb20px\u00bb header_5_font=\u00bb||||||||\u00bb header_6_font=\u00bbOpen Sans||||||||\u00bb header_6_text_align=\u00bbcenter\u00bb header_6_text_color=\u00bb#6D423B\u00bb border_width_right=\u00bb2px\u00bb border_color_right=\u00bb#C2C3CA\u00bb border_color_all_tablet=\u00bb\u00bb border_color_all_phone=\u00bb#FFFFFF\u00bb border_color_all_last_edited=\u00bbon|phone\u00bb]<\/p>\n<h3>BABY<\/h3>\n<h3>ALPACA<\/h3>\n<h6>21.5 &#8211; 22.5 mic<\/h6>\n<p>[\/et_pb_text][\/et_pb_column][et_pb_column type=\u00bb1_4&#8243; _builder_version=\u00bb3.25&#8243; custom_padding=\u00bb|||\u00bb custom_padding__hover=\u00bb|||\u00bb][et_pb_text _builder_version=\u00bb3.27.4&#8243; text_font=\u00bbOpen Sans||||||||\u00bb header_font=\u00bb||||||||\u00bb header_3_font=\u00bbOpen Sans|700|||||||\u00bb header_3_text_align=\u00bbcenter\u00bb header_3_text_color=\u00bb#6D423B\u00bb header_3_font_size=\u00bb20px\u00bb header_5_font=\u00bb||||||||\u00bb header_6_font=\u00bbOpen Sans||||||||\u00bb header_6_text_align=\u00bbcenter\u00bb header_6_text_color=\u00bb#6D423B\u00bb border_width_right=\u00bb2px\u00bb border_color_right=\u00bb#C2C3CA\u00bb border_color_all_tablet=\u00bb\u00bb border_color_all_phone=\u00bb#FFFFFF\u00bb border_color_all_last_edited=\u00bbon|phone\u00bb]<\/p>\n<h3>FS<\/h3>\n<h3>ALPACA<\/h3>\n<h6>25.5 &#8211; 26.5 mic<\/h6>\n<p>[\/et_pb_text][\/et_pb_column][et_pb_column type=\u00bb1_4&#8243; _builder_version=\u00bb3.25&#8243; custom_padding=\u00bb|||\u00bb custom_padding__hover=\u00bb|||\u00bb][et_pb_text _builder_version=\u00bb3.27.4&#8243; text_font=\u00bbOpen Sans||||||||\u00bb header_font=\u00bb||||||||\u00bb header_3_font=\u00bbOpen Sans|700|||||||\u00bb header_3_text_align=\u00bbcenter\u00bb header_3_text_color=\u00bb#6D423B\u00bb header_3_font_size=\u00bb20px\u00bb header_5_font=\u00bb||||||||\u00bb header_6_font=\u00bbOpen Sans||||||||\u00bb header_6_text_align=\u00bbcenter\u00bb header_6_text_color=\u00bb#6D423B\u00bb border_color_right=\u00bb#C2C3CA\u00bb]<\/p>\n<h3>COARSE<\/h3>\n<h3>ALPACA<\/h3>\n<h6>+30 mic<\/h6>\n<p>[\/et_pb_text][\/et_pb_column][\/et_pb_row][\/et_pb_section]<\/p>\n","protected":false},"excerpt":{"rendered":"<p>[et_pb_section fb_built=\u00bb1&#8243; fullwidth=\u00bbon\u00bb _builder_version=\u00bb3.23.3&#8243; background_color=\u00bb#ffffff\u00bb custom_margin=\u00bb-189px|||||\u00bb][et_pb_fullwidth_code admin_label=\u00bbC\u00f3digo de anchura completa\u00bb _builder_version=\u00bb3.23.3&#8243; background_color=\u00bb#FFFFFF\u00bb width_tablet=\u00bb\u00bb width_phone=\u00bb\u00bb width_last_edited=\u00bbon|phone\u00bb custom_margin=\u00bb1px||30px|||\u00bb custom_margin_tablet=\u00bb\u00bb custom_margin_phone=\u00bb||76px\u00bb custom_margin_last_edited=\u00bbon|phone\u00bb custom_padding=\u00bb0px||\u00bb][\/et_pb_fullwidth_code][\/et_pb_section][et_pb_section fb_built=\u00bb1&#8243; admin_label=\u00bbRelated Services\u00bb _builder_version=\u00bb3.23.3&#8243; min_height=\u00bb1451px\u00bb custom_margin=\u00bb||-53px|||\u00bb custom_padding=\u00bb33px||14px|||\u00bb][et_pb_row _builder_version=\u00bb3.25&#8243;][et_pb_column type=\u00bb4_4&#8243; _builder_version=\u00bb3.25&#8243; custom_padding=\u00bb|||\u00bb custom_padding__hover=\u00bb|||\u00bb][et_pb_text _builder_version=\u00bb3.27.4&#8243; header_font=\u00bb||||||||\u00bb header_2_font=\u00bbOpen Sans|800||on|||||\u00bb header_2_text_align=\u00bbcenter\u00bb header_2_text_color=\u00bb#6D423B\u00bb header_2_letter_spacing=\u00bb5px\u00bb header_3_font=\u00bbOpen Sans|600||on|||||\u00bb header_3_text_align=\u00bbcenter\u00bb header_3_text_color=\u00bb#6D423B\u00bb header_3_letter_spacing=\u00bb5px\u00bb header_4_font=\u00bb||||||||\u00bb header_5_font=\u00bb||||||||\u00bb width_tablet=\u00bb\u00bb width_phone=\u00bb\u00bb width_last_edited=\u00bbon|phone\u00bb custom_margin_tablet=\u00bb-53px||\u00bb custom_margin_phone=\u00bb-93px||\u00bb custom_margin_last_edited=\u00bbon|desktop\u00bb custom_padding=\u00bb0px|||||\u00bb] El Verdadero [&hellip;]<\/p>\n","protected":false},"author":1,"featured_media":0,"parent":0,"menu_order":0,"comment_status":"closed","ping_status":"closed","template":"","meta":{"_et_pb_use_builder":"on","_et_pb_old_content":"<!-- wp:divi\/placeholder \/-->","_et_gb_content_width":"","footnotes":""},"class_list":["post-7","page","type-page","status-publish","hentry"],"_links":{"self":[{"href":"https:\/\/www.gmtramas.com\/es\/wp-json\/wp\/v2\/pages\/7","targetHints":{"allow":["GET"]}}],"collection":[{"href":"https:\/\/www.gmtramas.com\/es\/wp-json\/wp\/v2\/pages"}],"about":[{"href":"https:\/\/www.gmtramas.com\/es\/wp-json\/wp\/v2\/types\/page"}],"author":[{"embeddable":true,"href":"https:\/\/www.gmtramas.com\/es\/wp-json\/wp\/v2\/users\/1"}],"replies":[{"embeddable":true,"href":"https:\/\/www.gmtramas.com\/es\/wp-json\/wp\/v2\/comments?post=7"}],"version-history":[{"count":65,"href":"https:\/\/www.gmtramas.com\/es\/wp-json\/wp\/v2\/pages\/7\/revisions"}],"predecessor-version":[{"id":855,"href":"https:\/\/www.gmtramas.com\/es\/wp-json\/wp\/v2\/pages\/7\/revisions\/855"}],"wp:attachment":[{"href":"https:\/\/www.gmtramas.com\/es\/wp-json\/wp\/v2\/media?parent=7"}],"curies":[{"name":"wp","href":"https:\/\/api.w.org\/{rel}","templated":true}]}}